{"id":66,"date":"2023-11-22T18:41:27","date_gmt":"2023-11-22T21:41:27","guid":{"rendered":"https:\/\/ruse.edu.ar\/?page_id=66"},"modified":"2025-03-26T18:04:26","modified_gmt":"2025-03-26T21:04:26","slug":"red-universitaria-de-sistemas-embebidos","status":"publish","type":"page","link":"https:\/\/ruse.edu.ar\/","title":{"rendered":"Red Universitaria de Sistemas Embebidos"},"content":{"rendered":"\t\t<div data-elementor-type=\"wp-page\" data-elementor-id=\"66\" class=\"elementor elementor-66\">\n\t\t\t\t<div class=\"elementor-element elementor-element-f387003 e-flex e-con-boxed e-con e-parent\" data-id=\"f387003\" data-element_type=\"container\">\n\t\t\t\t\t<div class=\"e-con-inner\">\n\t\t\t\t<div class=\"elementor-element elementor-element-c91eadc elementor-widget elementor-widget-heading\" data-id=\"c91eadc\" data-element_type=\"widget\" data-widget_type=\"heading.default\">\n\t\t\t\t<div class=\"elementor-widget-container\">\n\t\t\t\t\t<h2 class=\"elementor-heading-title elementor-size-default\">Red RUSE y Articulaciones<\/h2>\t\t\t\t<\/div>\n\t\t\t\t<\/div>\n\t\t\t\t<div class=\"elementor-element elementor-element-3c01a80 elementor-widget elementor-widget-text-editor\" data-id=\"3c01a80\" data-element_type=\"widget\" data-widget_type=\"text-editor.default\">\n\t\t\t\t<div class=\"elementor-widget-container\">\n\t\t\t\t\t\t\t\t\t<p style=\"text-align: justify;\">A partir de una propuesta del Consejo Federal de Decanos de Ingenier\u00eda (CONFEDI) el 12 de septiembre de 2013 se cre\u00f3 la\u00a0<strong>Red Universitaria de Sistemas Embebidos<\/strong>, que est\u00e1 actualmente integrada por 57\u00a0Unidades Acad\u00e9micas de diferentes ciudades de la Rep\u00fablica Argentina\u00a0y que permite establecer formalmente articulaciones e iniciativas de inter\u00e9s general.<\/p><p style=\"text-align: justify;\">Actualmente, las Unidades Acad\u00e9micas de la Red RUSE y sus respectivos representantes son los siguientes:<\/p>\t\t\t\t\t\t\t\t<\/div>\n\t\t\t\t<\/div>\n\t\t\t\t<div class=\"elementor-element elementor-element-54312fd elementor-widget elementor-widget-html\" data-id=\"54312fd\" data-element_type=\"widget\" data-widget_type=\"html.default\">\n\t\t\t\t<div class=\"elementor-widget-container\">\n\t\t\t\t\t\r\n    <style>\r\n        body {\r\n            font-family: Arial, sans-serif;\r\n            margin: 20px;\r\n        }\r\n        table {\r\n            width: 100%;\r\n            border-collapse: collapse;\r\n        }\r\n        th, td {\r\n            padding: 12px;\r\n            text-align: left;\r\n            border: 1px solid #ddd;\r\n        }\r\n        th {\r\n            background-color: #4FC3F7; \/* Tono celeste *\/\r\n            color: white;\r\n        }\r\n        tr:nth-child(even) {\r\n            background-color: #E1F5FE; \/* Fondo claro para filas pares *\/\r\n        }\r\n        @media (max-width: 600px) {\r\n            table, thead, tbody, th, td, tr {\r\n                display: block;\r\n                width: 100%;\r\n            }\r\n            tr {\r\n                margin-bottom: 15px;\r\n                border-bottom: 1px solid #ddd;\r\n            }\r\n            th, td {\r\n                text-align: right;\r\n                position: relative;\r\n                padding-left: 50%;\r\n            }\r\n            \/* Encabezados cortos en pantallas peque\u00f1as *\/\r\n            th[data-label=\"Unidad Acad\u00e9mica\"]::before,\r\n            td[data-label=\"Unidad Acad\u00e9mica\"]::before {\r\n                content: \"UA\";\r\n            }\r\n            th::before, td::before {\r\n                content: attr(data-label);\r\n                position: absolute;\r\n                left: 10px;\r\n                white-space: nowrap;\r\n                font-weight: bold;\r\n            }\r\n        }\r\n    <\/style>\r\n\r\n    <h2>Tabla de Representantes Acad\u00e9micos<\/h2>\r\n    <table>\r\n        <thead>\r\n            <tr>\r\n                <th data-label=\"Unidad Acad\u00e9mica\">Unidad Acad\u00e9mica<\/th>\r\n                <th data-label=\"Titular\">Titular<\/th>\r\n                <th data-label=\"Suplente\">Suplente<\/th>\r\n            <\/tr>\r\n        <\/thead>\r\n        <tbody>\r\n            <tr>\r\n                <td data-label=\"Unidad Acad\u00e9mica\">Universidad Nacional de Rio Cuarto (UNRC)<\/td>\r\n                <td data-label=\"Titular\">Diaz Dario Walter<\/td>\r\n                <td data-label=\"Suplente\">Escobar Francisco Martin<\/td>\r\n            <\/tr>\r\n            <tr>\r\n                <td data-label=\"Unidad Acad\u00e9mica\">Facultad de Ingenier\u00eda - Universidad de Buenos Aires (FI - UBA)<\/td>\r\n                <td data-label=\"Titular\">Cruz Juan Manuel<\/td>\r\n                <td data-label=\"Suplente\">Lutenberg Ariel<\/td>\r\n            <\/tr>\r\n            <tr>\r\n                <td data-label=\"Unidad Acad\u00e9mica\">Universidad Nacional del Noroeste de Buenos Aires (UNNOBA)<\/td>\r\n                <td data-label=\"Titular\">Jaszcyszyn Adri\u00e1n Gabriel<\/td>\r\n                <td data-label=\"Suplente\">Commisso Sergio<\/td>\r\n            <\/tr>\r\n            <tr>\r\n                <td data-label=\"Unidad Acad\u00e9mica\">Facultad Regional Bah\u00eda Blanca - Universidad Tecnol\u00f3gica Nacional (FRBB - UTN)<\/td>\r\n                <td data-label=\"Titular\">Laiuppa Adri\u00e1n<\/td>\r\n                <td data-label=\"Suplente\">Galasso Christian<\/td>\r\n            <\/tr>\r\n            <tr>\r\n                <td data-label=\"Unidad Acad\u00e9mica\">Instituto de Ingenier\u00eda y Agronom\u00eda - Universidad Nacional Arturo Jauretche (UNAJ)<\/td>\r\n                <td data-label=\"Titular\">Morales Daniel Martin<\/td>\r\n                <td data-label=\"Suplente\">Osio Jorge<\/td>\r\n            <\/tr>\r\n            <tr>\r\n                <td data-label=\"Unidad Acad\u00e9mica\">Instituto de Industria - Universidad Nacional de General Sarmiento (IdeI - UNGS)<\/td>\r\n                <td data-label=\"Titular\">Real Gustavo Ernesto<\/td>\r\n                <td data-label=\"Suplente\">Jaur\u00e9 Mar\u00eda Florencia<\/td>\r\n            <\/tr>\r\n            <tr>\r\n                <td data-label=\"Unidad Acad\u00e9mica\">Facultad Ciencias Exactas, Ingenier\u00eda y Agrimensura - Universidad Nacional de Rosario (FCEIA - UNR)<\/td>\r\n                <td data-label=\"Titular\"> Sosa Jos\u00e9 Ignacio<\/td>\r\n                <td data-label=\"Suplente\">Sim\u00f3n Jos\u00e9 Luis<\/td>\r\n            <\/tr>\r\n            <tr>\r\n                <td data-label=\"Unidad Acad\u00e9mica\">Facultad Regional Mendoza - Universidad Tecnol\u00f3gica Nacional (FRM - UTN)<\/td>\r\n                <td data-label=\"Titular\"> Taffernaberry Juan Carlos<\/td>\r\n                <td data-label=\"Suplente\">Perez Cristian Federico<\/td>\r\n            <\/tr>\r\n            <tr>\r\n                <td data-label=\"Unidad Acad\u00e9mica\">Facultad de Ciencias Exactas y Tecnolog\u00eda - Universidad Nacional de Tucum\u00e1n (FACET - UNT)<\/td>\r\n                <td data-label=\"Titular\">G\u00f3mez L\u00f3pez Mar\u00eda de los Angeles<\/td>\r\n                <td data-label=\"Suplente\">Di Pinto Luis Roque<\/td>\r\n            <\/tr>\r\n          <tr>    \r\n          <td data-label=\"Unidad Acad\u00e9mica\">Facultad de Ingenier\u00eda - Universidad Nacional de Mar del Plata (FI - UNMDP)<\/td>\r\n                <td data-label=\"Titular\">Rabioglio Lucas A.<\/td>\r\n                <td data-label=\"Suplente\">Morel Mariano<\/td>\r\n            <\/tr>\r\n                      <tr>    \r\n   <td data-label=\"Unidad Acad\u00e9mica\">Facultad Regional Buenos Aires - Universidad Tecnol\u00f3gica Nacional (UTN-FRBA)<\/td>\r\n                <td data-label=\"Titular\">Furfaro Alejandro<\/td>\r\n                <td data-label=\"Suplente\">Giura Marcelo<\/td>\r\n     <\/tr>\r\n        <\/tbody>\r\n    <\/table>\r\n\r\n\t\t\t\t<\/div>\n\t\t\t\t<\/div>\n\t\t\t\t<div class=\"elementor-element elementor-element-de34325 elementor-widget elementor-widget-text-editor\" data-id=\"de34325\" data-element_type=\"widget\" data-widget_type=\"text-editor.default\">\n\t\t\t\t<div class=\"elementor-widget-container\">\n\t\t\t\t\t\t\t\t\t<p style=\"text-align: justify;\">Los objetivos de la RUSE son:<\/p><ul><li style=\"text-align: justify;\">Promover la capacitaci\u00f3n de los recursos humanos en tem\u00e1ticas relacionadas con los sistemas embebidos y el dise\u00f1o digital a trav\u00e9s de espacios de formaci\u00f3n acad\u00e9mica como el auspicio de cursos de extensi\u00f3n abiertos a la industria y los profesionales en general, seminarios de capacitaci\u00f3n para docentes de instituciones miembros de la Red, talleres, y experiencias de campo.<\/li><li style=\"text-align: justify;\">Facilitar el intercambio de docentes e investigadores dentro de RUSE como docentes invitados, de acuerdo a las modalidades y reglamentaciones espec\u00edficas de cada integrante de la red.<\/li><li style=\"text-align: justify;\">Promover la participaci\u00f3n de docentes miembros de la red en el dictado de materias de Posgrado en las Disciplinas relacionadas con los Sistemas Embebidos y el Dise\u00f1o Digital Avanzado en la codirecci\u00f3n de las Tesis respectivas en las instituciones participantes.<\/li><li style=\"text-align: justify;\">Instrumentar mecanismos de cooperaci\u00f3n entre las Unidades Acad\u00e9micas para la disposici\u00f3n y uso compartido de equipamiento y software espec\u00edfico y otros recursos de acceso no masivo.<\/li><li style=\"text-align: justify;\">Instrumentar mecanismos de cooperaci\u00f3n entre las Unidades Acad\u00e9micas miembros con organismos p\u00fablicos y privados para la realizaci\u00f3n conjunta de proyectos de investigaci\u00f3n y transferencia tecnol\u00f3gica.<\/li><li style=\"text-align: justify;\">Instrumentar mecanismos de cooperaci\u00f3n entre las Unidades Acad\u00e9micas miembros de la Red a efectos de elaborar y unificar criterios en relaci\u00f3n a planes de estudios, y la adecuada actualizaci\u00f3n de sus contenidos, acorde con los constantes cambios de las disciplinas involucradas, como as\u00ed tambi\u00e9n en planes de mejora que cada Unidad pudiera plantearse. Se propondr\u00e1n acciones concretas para lograr el reconocimiento rec\u00edproco por equivalencia de actividades curriculares entre diferentes planes de estudio de las UAs integrantes de la red, considerando las restricciones particulares en este aspecto de cada UA.<\/li><li style=\"text-align: justify;\">Instrumentar mecanismos para que los alumnos de grado de las Unidades Acad\u00e9micas miembros puedan realizar total o parcialmente las Pr\u00e1cticas Profesionales Supervisadas, Proyectos Finales de carrera o de Tesis de grado, o Pasant\u00edas en proyectos de investigaci\u00f3n y\/o desarrollo, en las distintas Unidades Acad\u00e9micas, relacionados con los sectores productivos y\/o de servicios que involucren a los sistemas embebidos y al dise\u00f1o digital avanzado.<\/li><li style=\"text-align: justify;\">Fomentar el intercambio de alumnos para cursar asignaturas electivas en las distintas Unidades Acad\u00e9micas.<\/li><li style=\"text-align: justify;\">Difundir, articular, promover, fomentar, e instrumentar mecanismos de cooperaci\u00f3n estrecha con la Asociaci\u00f3n Civil para la Promoci\u00f3n, Investigaci\u00f3n y Desarrollo de los Sistemas Electr\u00f3nicos Embebidos.<\/li><li style=\"text-align: justify;\">Articular transitoriamente con los posgrados vigentes en Sistemas Embebidos y en Dise\u00f1o Digital Avanzado para contribuir a la generaci\u00f3n de nuevos posgrados sobre la misma \u00e1rea de vacancia en diferentes puntos geogr\u00e1ficos y estrat\u00e9gicos de pa\u00eds.<\/li><li style=\"text-align: justify;\">Promover en forma conjunta acciones tendientes a difundir, concientizar, motivar y captar inter\u00e9s en la comunidad, en particular la de estudiantes de nivel medio, a los efectos de lograr y sostener una matr\u00edcula adecuada a la necesidad de formaci\u00f3n de recursos humanos en esta \u00e1rea de vacancia.<\/li><li style=\"text-align: justify;\">Realizar toda otra actividad acad\u00e9mica, tecnol\u00f3gica y cient\u00edfica relacionada con los sistemas embebidos y al dise\u00f1o digital avanzado, que sea de mutuo inter\u00e9s.<\/li><\/ul>\t\t\t\t\t\t\t\t<\/div>\n\t\t\t\t<\/div>\n\t\t\t\t<div class=\"elementor-element elementor-element-5c64580 elementor-widget elementor-widget-text-editor\" data-id=\"5c64580\" data-element_type=\"widget\" data-widget_type=\"text-editor.default\">\n\t\t\t\t<div class=\"elementor-widget-container\">\n\t\t\t\t\t\t\t\t\t<p>Material para descargar:<\/p><ul><li><a href=\"http:\/\/www.sase.com.ar\/asociacion-civil-sistemas-embebidos\/files\/2013\/09\/ActaAcuerdoDecanosFirmada01-11-13.pdf\">Versi\u00f3n completa del Acta Acuerdo de creaci\u00f3n de la Red RUSE (12-09-13)<\/a><\/li><li><a href=\"http:\/\/www.sase.com.ar\/asociacion-civil-sistemas-embebidos\/files\/2013\/09\/Acta-ConstitutivaFirmada-13-11-13.pdf\">Acta del Proceso Eleccionario 2013 (13-11-13)<\/a><\/li><li><a href=\"http:\/\/www.sase.com.ar\/asociacion-civil-sistemas-embebidos\/files\/2013\/09\/Elecciones_RUSE-2016-2017.pdf\">Acta del Proceso Eleccionario 2016-2017<\/a><\/li><li><a href=\"http:\/\/www.sase.com.ar\/asociacion-civil-sistemas-embebidos\/files\/2013\/12\/Elecciones_RUSE-2013-2014.pdf\">Resultado de la votaci\u00f3n para la elecci\u00f3n de autoridades 2013-2014<\/a><\/li><li><a href=\"http:\/\/www.sase.com.ar\/asociacion-civil-sistemas-embebidos\/files\/2013\/11\/Acta-Constitutiva-1.pdf\">Acta Constitutiva de la Red RUSE y Designaci\u00f3n de Autoridades<\/a><\/li><li><a href=\"http:\/\/www.sase.com.ar\/asociacion-civil-sistemas-embebidos\/files\/2013\/09\/Incorporacion_a_la_RUSEV1.1.pdf\">Procedimiento para la incorporaci\u00f3n de las U.A. a la Red RUSE<\/a><\/li><\/ul>\t\t\t\t\t\t\t\t<\/div>\n\t\t\t\t<\/div>\n\t\t\t\t<div class=\"elementor-element elementor-element-216ddb3 elementor-widget elementor-widget-text-editor\" data-id=\"216ddb3\" data-element_type=\"widget\" data-widget_type=\"text-editor.default\">\n\t\t\t\t<div class=\"elementor-widget-container\">\n\t\t\t\t\t\t\t\t\t<h2>Articulaciones de la RUSE<\/h2><p>La ACSE cuenta entre otras con las siguientes articulaciones:<br \/>\u25a0\u00a0<a href=\"http:\/\/www.confedi.org.ar\/\">CONFEDI<\/a>: Consejo Federal de Decanos de Ingenier\u00eda.<br \/>\u25a0\u00a0<a href=\"http:\/\/www.cadieel.org.ar\/esp\/index.php\">CADIEEL<\/a>: C\u00e1mara Argentina de Industrias Electr\u00f3nicas, Electromec\u00e1nicas y Luminot\u00e9cnicas.<br \/>\u25a0\u00a0<a href=\"http:\/\/www.industria.gob.ar\/\">Ministerio de Industria<\/a>.<br \/>\u25a0\u00a0<a href=\"http:\/\/www.mincyt.gob.ar\/\">Ministerio de Ciencia, Tecnolog\u00eda e Innovaci\u00f3n Productiva <\/a>(MinCyT).<br \/>\u25a0\u00a0<a href=\"http:\/\/portales.educacion.gov.ar\/spu\/\">Ministerio de Educaci\u00f3n<\/a>\u00a0\u2013\u00a0<a href=\"http:\/\/www.sase.com.ar\/asociacion-civil-sistemas-embebidos\/files\/2013\/09\/Scan-Convenio-MINEDUC-CADIEEL-ACSE.pdf\">Convenio por el Proyecto CIAA.<\/a><\/p>\t\t\t\t\t\t\t\t<\/div>\n\t\t\t\t<\/div>\n\t\t\t\t\t<\/div>\n\t\t\t\t<\/div>\n\t\t\t\t<\/div>\n\t\t","protected":false},"excerpt":{"rendered":"<p>Red RUSE y Articulaciones A partir de una propuesta del Consejo Federal de Decanos de Ingenier\u00eda (CONFEDI) el 12 de septiembre de 2013 se cre\u00f3 la\u00a0Red Universitaria de Sistemas Embebidos, que est\u00e1 actualmente integrada por 57\u00a0Unidades Acad\u00e9micas de diferentes ciudades de la Rep\u00fablica Argentina\u00a0y que permite establecer formalmente articulaciones e iniciativas de inter\u00e9s general. Actualmente, [&hellip;]<\/p>\n","protected":false},"author":3,"featured_media":0,"parent":0,"menu_order":6,"comment_status":"closed","ping_status":"closed","template":"","meta":{"footnotes":""},"class_list":["post-66","page","type-page","status-publish","hentry"],"_links":{"self":[{"href":"https:\/\/ruse.edu.ar\/index.php?rest_route=\/wp\/v2\/pages\/66","targetHints":{"allow":["GET"]}}],"collection":[{"href":"https:\/\/ruse.edu.ar\/index.php?rest_route=\/wp\/v2\/pages"}],"about":[{"href":"https:\/\/ruse.edu.ar\/index.php?rest_route=\/wp\/v2\/types\/page"}],"author":[{"embeddable":true,"href":"https:\/\/ruse.edu.ar\/index.php?rest_route=\/wp\/v2\/users\/3"}],"replies":[{"embeddable":true,"href":"https:\/\/ruse.edu.ar\/index.php?rest_route=%2Fwp%2Fv2%2Fcomments&post=66"}],"version-history":[{"count":91,"href":"https:\/\/ruse.edu.ar\/index.php?rest_route=\/wp\/v2\/pages\/66\/revisions"}],"predecessor-version":[{"id":340,"href":"https:\/\/ruse.edu.ar\/index.php?rest_route=\/wp\/v2\/pages\/66\/revisions\/340"}],"wp:attachment":[{"href":"https:\/\/ruse.edu.ar\/index.php?rest_route=%2Fwp%2Fv2%2Fmedia&parent=66"}],"curies":[{"name":"wp","href":"https:\/\/api.w.org\/{rel}","templated":true}]}}