{"id":38,"date":"2023-11-22T18:17:59","date_gmt":"2023-11-22T21:17:59","guid":{"rendered":"https:\/\/ruse.edu.ar\/?page_id=38"},"modified":"2024-12-13T15:46:16","modified_gmt":"2024-12-13T18:46:16","slug":"autoridades-estatuto-actas-y-balances","status":"publish","type":"page","link":"https:\/\/ruse.edu.ar\/?page_id=38","title":{"rendered":"Autoridades, Estatuto, Actas y Balances"},"content":{"rendered":"\t\t<div data-elementor-type=\"wp-page\" data-elementor-id=\"38\" class=\"elementor elementor-38\">\n\t\t\t\t<div class=\"elementor-element elementor-element-288c8db e-flex e-con-boxed e-con e-parent\" data-id=\"288c8db\" data-element_type=\"container\">\n\t\t\t\t\t<div class=\"e-con-inner\">\n\t\t\t\t<div class=\"elementor-element elementor-element-536c715 elementor-widget elementor-widget-text-editor\" data-id=\"536c715\" data-element_type=\"widget\" data-widget_type=\"text-editor.default\">\n\t\t\t\t<div class=\"elementor-widget-container\">\n\t\t\t\t\t\t\t\t\t<p style=\"text-align: justify;\">Las actuales autoridades de la Red RUSE elegidas para el periodo 2023-2024 mediante voto libre y secreto por sus Unidades Acad\u00e9micas miembro son:<\/p><p style=\"text-align: justify;\"><strong>Presidente<\/strong>: Mg. Ing. Sergio Burgos <em>Universidad Tecnol\u00f3gica Nacional, Facultad Regional Paran\u00e1.<\/em><br \/><strong>Vicepresidente 1ro<\/strong>: Mg. Ing. Mar\u00eda de los \u00c1ngeles G\u00f3mez L\u00f3pez <em>Facultad de Ciencias Exactas y Tecnolog\u00eda de la Universidad Nacional de Tucum\u00e1n.<\/em><br \/><strong>Vicepresidente 2do<\/strong>: Dra. Ing. Luciana De Micco <em>Instituto de Investigaciones Cient\u00edficas y Tecnol\u00f3gicas en Electr\u00f3nica (CONICET &#8211; Universidad Nacional de Mar del Plata).<\/em><\/p><p style=\"text-align: justify;\">En este link se puede ver el\u00a0<a href=\"http:\/\/www.sase.com.ar\/asociacion-civil-sistemas-embebidos\/files\/2017\/09\/Acta_Elecciones_RUSE-2017-2018.pdf\">Acta del Proceso Eleccionario 2017-2018<\/a>.<\/p>\t\t\t\t\t\t\t\t<\/div>\n\t\t\t\t<\/div>\n\t\t\t\t\t<\/div>\n\t\t\t\t<\/div>\n\t\t\t\t<\/div>\n\t\t","protected":false},"excerpt":{"rendered":"<p>Las actuales autoridades de la Red RUSE elegidas para el periodo 2023-2024 mediante voto libre y secreto por sus Unidades Acad\u00e9micas miembro son: Presidente: Mg. Ing. Sergio Burgos Universidad Tecnol\u00f3gica Nacional, Facultad Regional Paran\u00e1.Vicepresidente 1ro: Mg. Ing. Mar\u00eda de los \u00c1ngeles G\u00f3mez L\u00f3pez Facultad de Ciencias Exactas y Tecnolog\u00eda de la Universidad Nacional de Tucum\u00e1n.Vicepresidente [&hellip;]<\/p>\n","protected":false},"author":3,"featured_media":0,"parent":0,"menu_order":1,"comment_status":"closed","ping_status":"closed","template":"","meta":{"footnotes":""},"class_list":["post-38","page","type-page","status-publish","hentry"],"_links":{"self":[{"href":"https:\/\/ruse.edu.ar\/index.php?rest_route=\/wp\/v2\/pages\/38","targetHints":{"allow":["GET"]}}],"collection":[{"href":"https:\/\/ruse.edu.ar\/index.php?rest_route=\/wp\/v2\/pages"}],"about":[{"href":"https:\/\/ruse.edu.ar\/index.php?rest_route=\/wp\/v2\/types\/page"}],"author":[{"embeddable":true,"href":"https:\/\/ruse.edu.ar\/index.php?rest_route=\/wp\/v2\/users\/3"}],"replies":[{"embeddable":true,"href":"https:\/\/ruse.edu.ar\/index.php?rest_route=%2Fwp%2Fv2%2Fcomments&post=38"}],"version-history":[{"count":4,"href":"https:\/\/ruse.edu.ar\/index.php?rest_route=\/wp\/v2\/pages\/38\/revisions"}],"predecessor-version":[{"id":331,"href":"https:\/\/ruse.edu.ar\/index.php?rest_route=\/wp\/v2\/pages\/38\/revisions\/331"}],"wp:attachment":[{"href":"https:\/\/ruse.edu.ar\/index.php?rest_route=%2Fwp%2Fv2%2Fmedia&parent=38"}],"curies":[{"name":"wp","href":"https:\/\/api.w.org\/{rel}","templated":true}]}}